{"id":99,"date":"2023-02-20T14:03:58","date_gmt":"2023-02-20T13:03:58","guid":{"rendered":"http:\/\/lescabanonsdechezfonfon.alphonseetjean.fr\/la-terrasse\/"},"modified":"2023-04-11T19:59:42","modified_gmt":"2023-04-11T17:59:42","slug":"la-terrasse","status":"publish","type":"page","link":"https:\/\/www.lecabanondefonfon.com\/en\/la-terrasse\/","title":{"rendered":"La terrasse"},"content":{"rendered":"\n<figure class=\"wp-block-gallery has-nested-images columns-default is-cropped wp-block-gallery-1 is-layout-flex wp-block-gallery-is-layout-flex\">\n<figure class=\"wp-block-image size-large\"><img loading=\"lazy\" decoding=\"async\" width=\"1024\" height=\"683\" data-id=\"172\" src=\"https:\/\/www.lecabanondefonfon.com\/wp-content\/uploads\/sites\/6\/2023\/03\/20230301-161238-2-1024x683.jpg\" alt=\"\" class=\"wp-image-172\" srcset=\"https:\/\/www.lecabanondefonfon.com\/wp-content\/uploads\/sites\/6\/2023\/03\/20230301-161238-2-1024x683.jpg 1024w, https:\/\/www.lecabanondefonfon.com\/wp-content\/uploads\/sites\/6\/2023\/03\/20230301-161238-2-300x200.jpg 300w, https:\/\/www.lecabanondefonfon.com\/wp-content\/uploads\/sites\/6\/2023\/03\/20230301-161238-2-768x512.jpg 768w, https:\/\/www.lecabanondefonfon.com\/wp-content\/uploads\/sites\/6\/2023\/03\/20230301-161238-2-1536x1024.jpg 1536w, https:\/\/www.lecabanondefonfon.com\/wp-content\/uploads\/sites\/6\/2023\/03\/20230301-161238-2.jpg 1800w\" sizes=\"auto, (max-width: 1024px) 100vw, 1024px\" \/><\/figure>\n\n\n\n<figure class=\"wp-block-image size-large\"><img loading=\"lazy\" decoding=\"async\" width=\"1024\" height=\"683\" data-id=\"169\" src=\"https:\/\/www.lecabanondefonfon.com\/wp-content\/uploads\/sites\/6\/2023\/03\/20230301-161303-2-1024x683.jpg\" alt=\"\" class=\"wp-image-169\" srcset=\"https:\/\/www.lecabanondefonfon.com\/wp-content\/uploads\/sites\/6\/2023\/03\/20230301-161303-2-1024x683.jpg 1024w, https:\/\/www.lecabanondefonfon.com\/wp-content\/uploads\/sites\/6\/2023\/03\/20230301-161303-2-300x200.jpg 300w, https:\/\/www.lecabanondefonfon.com\/wp-content\/uploads\/sites\/6\/2023\/03\/20230301-161303-2-768x512.jpg 768w, https:\/\/www.lecabanondefonfon.com\/wp-content\/uploads\/sites\/6\/2023\/03\/20230301-161303-2-1536x1024.jpg 1536w, https:\/\/www.lecabanondefonfon.com\/wp-content\/uploads\/sites\/6\/2023\/03\/20230301-161303-2.jpg 1800w\" sizes=\"auto, (max-width: 1024px) 100vw, 1024px\" \/><\/figure>\n\n\n\n<figure class=\"wp-block-image size-large\"><img loading=\"lazy\" decoding=\"async\" width=\"1024\" height=\"683\" data-id=\"171\" src=\"https:\/\/www.lecabanondefonfon.com\/wp-content\/uploads\/sites\/6\/2023\/03\/20230301-161707-2-1024x683.jpg\" alt=\"\" class=\"wp-image-171\" srcset=\"https:\/\/www.lecabanondefonfon.com\/wp-content\/uploads\/sites\/6\/2023\/03\/20230301-161707-2-1024x683.jpg 1024w, https:\/\/www.lecabanondefonfon.com\/wp-content\/uploads\/sites\/6\/2023\/03\/20230301-161707-2-300x200.jpg 300w, https:\/\/www.lecabanondefonfon.com\/wp-content\/uploads\/sites\/6\/2023\/03\/20230301-161707-2-768x512.jpg 768w, https:\/\/www.lecabanondefonfon.com\/wp-content\/uploads\/sites\/6\/2023\/03\/20230301-161707-2-1536x1024.jpg 1536w, https:\/\/www.lecabanondefonfon.com\/wp-content\/uploads\/sites\/6\/2023\/03\/20230301-161707-2.jpg 1800w\" sizes=\"auto, (max-width: 1024px) 100vw, 1024px\" \/><\/figure>\n\n\n\n<figure class=\"wp-block-image size-large\"><img loading=\"lazy\" decoding=\"async\" width=\"1024\" height=\"683\" data-id=\"175\" src=\"https:\/\/www.lecabanondefonfon.com\/wp-content\/uploads\/sites\/6\/2023\/03\/20230301-161614-2-1024x683.jpg\" alt=\"\" class=\"wp-image-175\" srcset=\"https:\/\/www.lecabanondefonfon.com\/wp-content\/uploads\/sites\/6\/2023\/03\/20230301-161614-2-1024x683.jpg 1024w, https:\/\/www.lecabanondefonfon.com\/wp-content\/uploads\/sites\/6\/2023\/03\/20230301-161614-2-300x200.jpg 300w, https:\/\/www.lecabanondefonfon.com\/wp-content\/uploads\/sites\/6\/2023\/03\/20230301-161614-2-768x512.jpg 768w, https:\/\/www.lecabanondefonfon.com\/wp-content\/uploads\/sites\/6\/2023\/03\/20230301-161614-2-1536x1024.jpg 1536w, https:\/\/www.lecabanondefonfon.com\/wp-content\/uploads\/sites\/6\/2023\/03\/20230301-161614-2.jpg 1800w\" sizes=\"auto, (max-width: 1024px) 100vw, 1024px\" \/><\/figure>\n<\/figure>\n\n\n\n<div class=\"wp-block-columns is-layout-flex wp-container-core-columns-is-layout-9d6595d7 wp-block-columns-is-layout-flex\">\n<div class=\"wp-block-column is-layout-flow wp-block-column-is-layout-flow\" style=\"flex-basis:70%\">\n<div class=\"wp-block-group\"><div class=\"wp-block-group__inner-container is-layout-constrained wp-block-group-is-layout-constrained\">\n<div class=\"wp-block-group\"><div class=\"wp-block-group__inner-container is-layout-constrained wp-block-group-is-layout-constrained\">\n<p>The comfort of a hotel, the warmth of a well-equipped room offers everything the in a shed of 15.50 sqm with a 9 sqm terrasse overlooking the valley of Auffes.<\/p>\n\n\n\n<p>Fall asleep lulled by the lapping of the water.<br>Waking up with sharp returning from fishing, a sunny breakfast.<br>Come live with us an exceptional moment, the peaceful rhythm of this small village in the heart of Marseille.<\/p>\n\n\n\n<p>Public transport in the vicinities (50m) to visit the theater and museums of Marseille Culture 2013, we will provide you with the programs of all events.<br>Direction beaches or the city center you will be guided by the Marseille sea air and possibility of boat ride.<\/p>\n\n\n\n<p>Once there if you have questions or information on places to visit, we are right next to the restaurant at FONFON, allowing us to also share with you a little while.<\/p>\n\n\n\n<p>So let you try for one night, a weekend one week.<\/p>\n\n\n\n<p>We are waiting for you !<\/p>\n<\/div><\/div>\n<\/div><\/div>\n<\/div>\n\n\n\n<div class=\"wp-block-column is-layout-flow wp-block-column-is-layout-flow\" style=\"flex-basis:30%\">\n<!-- d\u00e9but ke-booking -->\n<div id=\"ke-booking-frame\">\n  <script src=\"https:\/\/widgets.ke-booking.com\/en\/owner\/site\/widget\/js\/P9dd608e551baf46ed65bc5eb\/ke-booking.js\" type=\"text\/javascript\"><\/script>\n  <div id=\"ke-booking-link\" style=\"float: right; margin: 0pt; display: block; font: 10px arial,helvetica,verdana,sans-serif; padding: 0pt 10px 0pt 0pt;\">\n  <\/div>\n<\/div>\n<!-- fin ke-booking -->\n<\/div>\n<\/div>\n\n\n<div ><style id=\"sp_tab_dynamic_style83\">#sp-tabpro-wrapper_83.sp-tab__lay-default .sp-tab__tab-content {width: 100%;}#sp-tabpro-wrapper_83 .animated {-webkit-animation-duration: 500ms;animation-duration: 500ms;}#sp-wp-tabs-wrapper_83 .sp-tab__nav { justify-content: flex-start; }#sp-wp-tabs-wrapper_83.sp-tab__lay-default.sp-tab__horizontal-bottom {display: flex;flex-direction: column-reverse;}#sp-wp-tabs-wrapper_83.sp-tab__lay-default.sp-tab__horizontal-bottom > ul {border-top: 1px solid #cccccc;border-bottom: 0;margin-top: 0;}#sp-wp-tabs-wrapper_83.sp-tab__lay-default.sp-tab__horizontal-bottom > ul > li .sp-tab__nav-link.sp-tab__active {border-color: transparent #cccccc#cccccc;margin-top: -1px;}#sp-wp-tabs-wrapper_83.sp-tab__lay-default.sp-tab__horizontal-bottom > ul > li .sp-tab__nav-link,#sp-wp-tabs-wrapper_83.sp-tab__lay-default.sp-tab__horizontal-bottom > ul > li a,#sp-wp-tabs-wrapper_83.sp-tab__lay-default.sp-tab__horizontal-bottom > ul > .sp-tab__nav-item {border-top: 0;border-top-left-radius: 0;border-top-right-radius: 0;border-bottom-left-radius: 2px;border-bottom-right-radius: 2px;}#sp-wp-tabs-wrapper_83.sp-tab__lay-default.sp-tab__horizontal-bottom > ul {border-bottom: none;}#sp-wp-tabs-wrapper_83.sp-tab__lay-default.sp-tab__horizontal-bottom .sp-tab__tab-content .sp-tab__tab-pane {border-top: 1px solid #cccccc;border-bottom: 0;}#sp-wp-tabs-wrapper_83.sp-tab__lay-default .sp-tab__tab-content .sp-tab-content > ul,#sp-wp-tabs-wrapper_83.sp-tab__lay-default .sp-tab__tab-content .sp-tab-content > ol {border-bottom: none;}#sp-wp-tabs-wrapper_83 .sp-tab__nav-tabs .sp-tab__nav-item.show .sp-tab__nav-link,#sp-wp-tabs-wrapper_83.sp-tab__lay-default ul li .sp-tab__nav-link.sp-tab__active {border-color: #cccccc#cccccc transparent;}#sp-wp-tabs-wrapper_83 > .sp-tab__nav-tabs .sp-tab__nav-link.sp-tab__active .sp-tab__tab_title,#sp-wp-tabs-wrapper_83.sp-tab__lay-default .sp-tab__nav-link > .sp-tab__card-header {color: #444;}#sp-wp-tabs-wrapper_83.sp-tab__lay-default > ul > li > .sp-tab__nav-link,#sp-wp-tabs-wrapper_83.sp-tab__lay-default > ul > li > a {cursor: pointer;border-color: #cccccc;padding-top: 15px;padding-right: 15px;padding-bottom: 15px;padding-left: 15px;}#sp-wp-tabs-wrapper_83 > .sp-tab__nav-tabs .sp-tab__nav-link {border: 1px solid #cccccc;height: 100%;}#sp-wp-tabs-wrapper_83.sp-tab__lay-default > ul > li .sp-tab__nav-link,#sp-wp-tabs-wrapper_83.sp-tab__lay-default > ul > li a,#sp-wp-tabs-wrapper_83.sp-tab__lay-default > ul > .sp-tab__nav-item {border-top-left-radius: 2px;border-top-right-radius: 2px;}#sp-wp-tabs-wrapper_83 .sp-tab__nav-tabs .sp-tab__nav-item {margin-bottom: -1px; }#sp-wp-tabs-wrapper_83.sp-tab__lay-default > ul .sp-tab__nav-item {margin-right: 10px;}#sp-wp-tabs-wrapper_83.sp-tab__lay-default.sp-tab__horizontal-bottom > ul .sp-tab__nav-item {margin-right: 10px;margin-top: 0;}#sp-wp-tabs-wrapper_83.sp-tab__lay-default > ul .sp-tab__nav-item .sp-tab__nav-link:hover .sp-tab__tab_title,#sp-wp-tabs-wrapper_83.sp-tab__lay-default > ul .sp-tab__nav-item a:hover .sp-tab__tab_title,#sp-wp-tabs-wrapper_83.sp-tab__lay-default .sp-tab__nav-link.collapsed .sp-tab__card-header:hover {color: #444;transition: .3s;}#sp-wp-tabs-wrapper_83.sp-tab__lay-default > ul .sp-tab__nav-item,#sp-wp-tabs-wrapper_83.sp-tab__lay-default .sp-tab__nav-link.collapsed > .sp-tab__card-header {background-color: #eee;transition: 0.3s;}#sp-wp-tabs-wrapper_83 > .sp-tab__nav-tabs > .sp-tab__nav-item.show .sp-tab__nav-link,#sp-wp-tabs-wrapper_83 > .sp-tab__nav-tabs > .sp-tab__nav-item .sp-tab__nav-link.sp-tab__active,#sp-wp-tabs-wrapper_83.sp-tab__lay-default .sp-tab__nav-link > .sp-tab__card-header {background-color: #fff;}#sp-tabs-wrapper_83.sp-tab__lay-default > ul .sp-tab__nav-item .sp-tab__nav-link:not(.sp-tab__active):hover,#sp-tabs-wrapper_83.sp-tab__lay-default .sp-tab__tab-content > .sp-tab__tab-pane .sp-tab__card-header:hover {background-color: #fff;}#sp-wp-tabs-wrapper_83.sp-tab__lay-default > ul .sp-tab__nav-item:not(.sp-tab__active):hover,#sp-wp-tabs-wrapper_83.sp-tab__lay-default .sp-tab__nav-link.collapsed > .sp-tab__card-header:hover {background-color: #fff;}#sp-wp-tabs-wrapper_83.sp-tab__lay-default > ul .sp-tab__nav-item:last-child {margin-right: 0;}#sp-wp-tabs-wrapper_83.sp-tab__lay-default > .sp-tab__tab-content .sp-tab__tab-pane {border: 1px solid #cccccc;padding-top: 20px;padding-right: 20px;padding-bottom: 20px;padding-left: 20px;background-color: #ffffff;}#sp-wp-tabs-wrapper_83.sp-tab__lay-default > ul {border-bottom: 1px solid #cccccc;}#sp-wp-tabs-wrapper_83.sp-tab__lay-default > .sp-tab__tab-content .sp-tab__tab-pane {border-top: 0px;}@media(max-width:480px) {#sp-wp-tabs-wrapper_83.sp-tab__lay-default > ul li.sp-tab__nav-item {width: 100%;margin-right: 0px;}#sp-wp-tabs-wrapper_83.sp-tab__lay-default > ul li.sp-tab__nav-item:last-child {margin-bottom: -1px;}}#sp-wp-tabs-wrapper_83.sp-tab__lay-default > ul .sp-tab__nav-item .sp-tab__tab_title,#sp-wp-tabs-wrapper_83.sp-tab__lay-default span > .sp-tab__card-header {font-weight: 600;font-style: normal;font-size: 16px;line-height: 22px;letter-spacing: 0px;color: #444;margin: 0px;}#sp-wp-tabs-wrapper_83.sp-tab__lay-default > .sp-tab__tab-content .sp-tab__tab-pane,#sp-wp-tabs-wrapper_83.sp-tab__lay-default > .sp-tab__tab-content .sp-tab__tab-pane p {font-weight: 400;font-style: normal;font-size: 16px;line-height: 24px;letter-spacing: 0px;color: #444;}#sp-wp-tabs-wrapper_83.sp-tab__lay-default > .sp-tab__tab-content .sp-tab__tab-pane ul li a, #sp-wp-tabs-wrapper_83.sp-tab__lay-default .sp-tab__tab-content .sp-tab__tab-pane ol li a {color: #444;}<\/style>\t\t<div id=\"sp-wp-tabs-wrapper_83\" class=\"sp-tab__lay-default\" data-preloader=\"1\" data-activemode=\"tabs-activator-event-click\" data-anchor_linking=\"1\">\n\t\t\t<div class=\"sp-tab__preloader\">\n\t\t<div class=\"sp-tab__spinner\">\n\t\t\t<div class=\"rect1\"><\/div>\n\t\t\t<div class=\"rect2\"><\/div>\n\t\t\t<div class=\"rect3\"><\/div>\n\t\t\t<div class=\"rect4\"><\/div>\n\t\t\t<div class=\"rect5\"><\/div>\n\t\t<\/div>\n\t<\/div>\n\t<ul class=\"sp-tab__nav sp-tab__nav-tabs\" id=\"sp-tab__ul\" role=\"tablist\">\n\t\t\t\t<li class=\"sp-tab__nav-item\" role=\"presentation\">\n\t\t\t\t<span class=\"sp-tab__nav-link sp-tab__active\" data-sptoggle=\"tab\" for=\"#tab-831\" role=\"tab\" aria-controls=tab-831 aria-selected=true tabindex=0>\n\t\t\t\t\t<span class=\"tab_title_area\"><H4 class=\"sp-tab__tab_title\">Le logement<\/H4><\/span>\n\t\t\t\t<\/span>\n\t\t\t<\/li>\n\t\t\t\t\t\t<li class=\"sp-tab__nav-item\" role=\"presentation\">\n\t\t\t\t<span class=\"sp-tab__nav-link\" data-sptoggle=\"tab\" for=\"#tab-832\" role=\"tab\" aria-controls=tab-832 aria-selected=true tabindex=0>\n\t\t\t\t\t<span class=\"tab_title_area\"><H4 class=\"sp-tab__tab_title\">Petit d\u00e9jeuner<\/H4><\/span>\n\t\t\t\t<\/span>\n\t\t\t<\/li>\n\t\t\t\t\t\t<li class=\"sp-tab__nav-item\" role=\"presentation\">\n\t\t\t\t<span class=\"sp-tab__nav-link\" data-sptoggle=\"tab\" for=\"#tab-833\" role=\"tab\" aria-controls=tab-833 aria-selected=true tabindex=0>\n\t\t\t\t\t<span class=\"tab_title_area\"><H4 class=\"sp-tab__tab_title\">\u00c9quipements<\/H4><\/span>\n\t\t\t\t<\/span>\n\t\t\t<\/li>\n\t\t\t\t\t\t<li class=\"sp-tab__nav-item\" role=\"presentation\">\n\t\t\t\t<span class=\"sp-tab__nav-link\" data-sptoggle=\"tab\" for=\"#tab-834\" role=\"tab\" aria-controls=tab-834 aria-selected=true tabindex=0>\n\t\t\t\t\t<span class=\"tab_title_area\"><H4 class=\"sp-tab__tab_title\">Tarifs<\/H4><\/span>\n\t\t\t\t<\/span>\n\t\t\t<\/li>\n\t\t\t<\/ul>\n<div class=\"sp-tab__tab-content\">\n\t\t\t\t<div id=\"tab-831\" class=\"sp-tab__tab-pane sp-tab__show sp-tab__active\" role=\"tabpanel\">\n\t\t\t\t\t<div class=\"sp-tab-content animated fadeIn\"><p>Le confort d\u2019un h\u00f4tel, la convivialit\u00e9 d\u2019une chambre tout \u00e9quip\u00e9e, le tout r\u00e9uni\u00a0dans un cabanon de 15 m2.<\/p>\n<ul>\n<li>Cabanon situ\u00e9 dans le port du vallon des Auffes<\/li>\n<li>Lit double de 160<\/li>\n<li>Salle d\u2019eau (douche \u00e0 l\u2019italienne)<\/li>\n<li>linges de maison ( draps et serviettes inclus )<\/li>\n<li>Petit d\u00e9jeuner sur commande.<\/li>\n<li>A proximit\u00e9 : mer, restaurants, arr\u00eat de bus, commerces de proximit\u00e9.<\/li>\n<li>Centre ville \u00e0 1,5 km<\/li>\n<li>Chambres non fumeur<\/li>\n<\/ul>\n<\/div>\n\t\t\t\t<\/div>\n\t\t\t\t\t\t\t\t<div id=\"tab-832\" class=\"sp-tab__tab-pane \" role=\"tabpanel\">\n\t\t\t\t\t<div class=\"sp-tab-content animated fadeIn\"><p>\u20ac 17.00 \/ par personne (optionnel)<\/p>\n<ul>\n<li>Caf\u00e9 ou th\u00e9<\/li>\n<li>Lait<\/li>\n<li>Jus d\u2019orange<\/li>\n<li>Beurre &amp; confiture (fraise ou abricot)<\/li>\n<li>Pain de campagne<\/li>\n<li>Brioche<\/li>\n<li>Salade de fruits fra\u00eeche<\/li>\n<li>Fromage blanc<\/li>\n<li>Muesli fruits ou chocolat<\/li>\n<li>Flocons d&#8217;avoine<\/li>\n<\/ul>\n<\/div>\n\t\t\t\t<\/div>\n\t\t\t\t\t\t\t\t<div id=\"tab-833\" class=\"sp-tab__tab-pane \" role=\"tabpanel\">\n\t\t\t\t\t<div class=\"sp-tab-content animated fadeIn\"><ul>\n<li>S\u00e8che-cheveux<\/li>\n<li>Cafeti\u00e8re, bouilloire<\/li>\n<li>Climatisation r\u00e9versible<\/li>\n<li>Connexion internet Wifi<\/li>\n<li>T.V \u00e9cran plat haute d\u00e9finition avec connexion internet<\/li>\n<li>Lit parapluie pour b\u00e9b\u00e9 sur demande<\/li>\n<\/ul>\n<\/div>\n\t\t\t\t<\/div>\n\t\t\t\t\t\t\t\t<div id=\"tab-834\" class=\"sp-tab__tab-pane \" role=\"tabpanel\">\n\t\t\t\t\t<div class=\"sp-tab-content animated fadeIn\"><p><strong>Nuit<\/strong><\/p>\n<ul>\n<li>Mi Octobre \u00e0 Mars : 125\u20ac<\/li>\n<li>Avril \u00e0 mi octobre: 135\u20ac<\/li>\n<\/ul>\n<p><strong>Week-end, pour une \u00a0nuit \u00a0du vendredi au dimanche\u00a0<\/strong><em>(jours f\u00e9ri\u00e9s et veilles de jours f\u00e9ri\u00e9s)<\/em><\/p>\n<ul>\n<li>Mi Octobre \u00e0 Mars : 135\u20ac<\/li>\n<li>Avril \u00e0 mi octobre : 160\u20ac<\/li>\n<\/ul>\n<p><strong>Semaine- pour 7 nuits du samedi au samedi <\/strong><\/p>\n<ul>\n<li>Mi Octobre \u00e0 Mars : 905\u20ac<\/li>\n<li>Avril \u00e0 mi octobre : 1020\u20ac<\/li>\n<\/ul>\n<p><strong>Personne suppl\u00e9mentaire<\/strong> : 25,00 \u20ac par nuit.<br \/>\n<strong>Taxe de s\u00e9jour<\/strong> : 5.76% par jour et par personne. ( hors enfants de \u2013 de 13 ans.)<br \/>\n<strong>Petit d\u00e9jeuner<\/strong> : 17,00 \u20ac \/ par personne (en option)<br \/>\n<strong>R\u00e9servation du parking<\/strong> : 12 \u20ac\/jour (sur demande) Toute r\u00e9servation de parking est d\u00fb<br \/>\n<strong>Horaires d\u2019arriv\u00e9e<\/strong> : entre 15h00 \u00e0 20h00<br \/>\n<strong>Horaires de d\u00e9part<\/strong> : 11h00<\/p>\n<p><strong>Chambres non fumeur<\/strong><\/p>\n<\/div>\n\t\t\t\t<\/div>\n\t\t\t\t<\/div>\n\t\t<\/div>\n\t\t<\/div>","protected":false},"excerpt":{"rendered":"<p>The comfort of a hotel, the warmth of a well-equipped room offers everything the in a shed of 15.50 sqm with a 9 sqm terrasse overlooking the valley of Auffes. Fall asleep lulled by the lapping of the water.Waking up with sharp returning from fishing, a sunny breakfast.Come live with us an exceptional moment, the [&hellip;]<\/p>\n","protected":false},"author":1,"featured_media":0,"parent":0,"menu_order":0,"comment_status":"closed","ping_status":"closed","template":"","meta":{"footnotes":""},"class_list":["post-99","page","type-page","status-publish","hentry"],"_links":{"self":[{"href":"https:\/\/www.lecabanondefonfon.com\/en\/wp-json\/wp\/v2\/pages\/99","targetHints":{"allow":["GET"]}}],"collection":[{"href":"https:\/\/www.lecabanondefonfon.com\/en\/wp-json\/wp\/v2\/pages"}],"about":[{"href":"https:\/\/www.lecabanondefonfon.com\/en\/wp-json\/wp\/v2\/types\/page"}],"author":[{"embeddable":true,"href":"https:\/\/www.lecabanondefonfon.com\/en\/wp-json\/wp\/v2\/users\/1"}],"replies":[{"embeddable":true,"href":"https:\/\/www.lecabanondefonfon.com\/en\/wp-json\/wp\/v2\/comments?post=99"}],"version-history":[{"count":10,"href":"https:\/\/www.lecabanondefonfon.com\/en\/wp-json\/wp\/v2\/pages\/99\/revisions"}],"predecessor-version":[{"id":216,"href":"https:\/\/www.lecabanondefonfon.com\/en\/wp-json\/wp\/v2\/pages\/99\/revisions\/216"}],"wp:attachment":[{"href":"https:\/\/www.lecabanondefonfon.com\/en\/wp-json\/wp\/v2\/media?parent=99"}],"curies":[{"name":"wp","href":"https:\/\/api.w.org\/{rel}","templated":true}]}}